{"id":21993,"date":"2024-11-04T10:58:05","date_gmt":"2024-11-04T09:58:05","guid":{"rendered":"https:\/\/www.sgsnowboards.com\/?page_id=21993"},"modified":"2024-11-06T08:42:04","modified_gmt":"2024-11-06T07:42:04","slug":"warranty-safety","status":"publish","type":"page","link":"https:\/\/www.sgsnowboards.com\/de\/warranty-safety\/","title":{"rendered":"Garantie &#038; Sicherheit"},"content":{"rendered":"<p><\/p>\n<h2><strong>SICHERHEITSHINWEISE<\/strong><\/h2>\n<p>Snowboarden ist ein Wintersport, der Gefahren und Risiken f\u00fcr sich und andere birgt. Vermeiden Sie das Fahren und Springen \u00fcber Hindernisse, dies kann zu Verletzungen f\u00fchren. Fahren Sie gem\u00e4\u00df Ihrer k\u00f6rperlichen F\u00e4higkeit und Kondition und verhalten Sie sich beim Aus\u00fcben Ihrer Sportart immer verantwortungsvoll. Befolgen Sie geltende Sicherheitsbestimmungen und tragen Sie durch Ihr Verhalten zur Vermeidung von Unf\u00e4llen bei. Erkundigen Sie sich bei \u00f6rtlichen, gepr\u00fcften Bergf\u00fchrern oder Snowboardguides, bevor Sie abseits gesicherter Pisten unterwegs sind. Erwachsene m\u00fcssen minderj\u00e4hrige Kinder bei Verwendung der Produkte beaufsichtigen. Der Verk\u00e4ufer, H\u00e4ndler und Hersteller dieses Produkts \u00fcbernimmt keine Verantwortung f\u00fcr Verletzungen oder Sch\u00e4den, die durch Unfall, Fahrl\u00e4ssigkeit oder anderweitig verursacht werden. Denken Sie daran, dass Snowboardbindungen keine Sicherheitsbindungen sind und daher nicht automatisch ausl\u00f6sen. Kontrollieren Sie daher vor jeder Ben\u00fctzung Ihre Ausr\u00fcstung und den richtigen Halt aller Bindungsschrauben. Bitte verhalten Sie sich verantwortungsvoll bei der Aus\u00fcbung dieses Sports. Halten Sie sich an Sicherheitshinweise und helfen Sie Unf\u00e4lle zu vermeiden. Fahren Sie sicher, respektieren Sie Berge und Tierwelt und folgen Sie den Sicherheitsvorschriften \u00fcberall und zu jeder Zeit.<\/p>\n<h3><strong><br \/>\nINTERNATIONALE GARANTIE INFORMATION<\/strong><\/h3>\n<p>1-Jahr-Garantie gegen Fertigungs- und Materialfehler<\/p>\n<p>SG Snowboards Produkte sind ausschlie\u00dflich f\u00fcr den Einsatz auf Schnee bestimmt. SG Snowboards \u00fcbernimmt \u00fcber die gesetzlichen Vorschriften und Garantiebestimmungen hinaus keine Verantwortung f\u00fcr Personen- und Sachsch\u00e4den. Alle neuen SG Snowboards haben eine Garantie auf Fertigungs- und Materialfehler f\u00fcr die Dauer von einem Jahr ab Kaufdatum. SG SNOWBOARDS Titanal-Modelle ben\u00f6tigen vor Renngebrauch ein Renntuning, bitte befolgen Sie dazu die Anweisungen (siehe unten). F\u00fcr weitere Informationen, Reklamation und Garantiefragen wenden Sie sich bitte mit dem Kassenbeleg an Ihren SG SNOWBOARDS H\u00e4ndler. Bitte nehmen Sie Kontakt mit der Qualit\u00e4tskontrolle auf bevor Sie uns Ware zusenden, ansonsten m\u00fcssen Sie die Frachtkosten selbst \u00fcbernehmen. Je nach Schadensart wird das Produkt repariert oder ausgetauscht, die Kosten daf\u00fcr \u00fcbernimmt SG SNOWBOARDS. Mit Behebung des Mangels entsteht kein Anspruch auf Verl\u00e4ngerung der Garantiefristen. Wenn das besch\u00e4digte oder fehlerhafte Produkt nicht in die Garantie f\u00e4llt, wird der R\u00fcckversand vom Kunden getragen. Sch\u00e4den durch Zusammenst\u00f6\u00dfe und Unf\u00e4lle oder sonstige \u00e4u\u00dfere Einfl\u00fcsse fallen nicht unter unsere Garantieleistung. Die Garantie umfasst keine Transportsch\u00e4den, Lagersch\u00e4den oder Sch\u00e4den, die auf falsche Benutzung oder Missbrauch der Boards zur\u00fcckzuf\u00fchren sind.<\/p>\n<h3><strong><br \/>\nGARANTIE- UND HAFTUNGSAUSSCHL\u00dcSSE<\/strong><\/h3>\n<p>Unter Haftungsausschluss bzw. nicht unter Garantie fallen:<\/p>\n<ul>\n<li>Entstandene M\u00e4ngel durch Missachtung der Bedienungsanleitung oder unsachgem\u00e4\u00dfe Handhabung<\/li>\n<li>Sch\u00e4den durch unsachgem\u00e4\u00dfe Montage, Einstellung, Bedienung oder Beanspruchung<\/li>\n<li>Sch\u00e4den durch mangelhafte Wartung und Pflege<\/li>\n<li>Sch\u00e4den durch Produktver\u00e4nderung<\/li>\n<li>Sch\u00e4den durch unsachgem\u00e4\u00dfe Passformen und Lagerung<\/li>\n<li>Sch\u00e4den durch h\u00f6here Gewalt<\/li>\n<li>Verschlei\u00dferscheinungen und Verschlei\u00dfteile<\/li>\n<li>Unwesentliche Fehler und Abweichungen, die f\u00fcr den Gebrauch des Produkts unerheblich sind Personen- und anderweitige Sachsch\u00e4den<\/li>\n<li>Andere nicht durch den Hersteller zu vertretende Umst\u00e4nde<\/li>\n<\/ul>\n<p><span style=\"color: #ff0000;\"><strong>ACHTUNG!<br \/>\n<\/strong>Renntuning f\u00fcr SG FULL RACE PRO TEAM und SG FULL RACE TITAN: <\/span><br \/>\n<span style=\"color: #ff0000;\">Vor Renngebrauch von Titanal-Modellen ist es erforderlich, die Seitenwangen im vorderen Nose-Bereich von Hand abzuschr\u00e4gen!<\/span><\/p>\n<p><span style=\"color: #ff0000;\">Alle neuen SG SNOWBOARDS haben eine Garantie auf Fertigungs- und Materialfehler f\u00fcr die Dauer von 1 Jahr ab Kaufdatum.<\/span><\/p>\n<p>&nbsp;<\/p>\n<p><div class=\"video-container\"><iframe loading=\"lazy\" title=\"vimeo-player\" src=\"https:\/\/player.vimeo.com\/video\/143972251?h=fb1a15a12a\" width=\"640\" height=\"360\" frameborder=\"0\" allowfullscreen=\"allowfullscreen\"><\/iframe><\/div><\/p>","protected":false},"excerpt":{"rendered":"<p>SAFETY INSTRUCTIONS Snowboarding is an outdoor winter sport. It involves&hellip;<\/p>\n","protected":false},"author":1,"featured_media":0,"parent":0,"menu_order":12,"comment_status":"closed","ping_status":"closed","template":"","meta":{"_acf_changed":false,"footnotes":""},"class_list":["post-21993","page","type-page","status-publish","hentry"],"acf":[],"yoast_head":"<!-- This site is optimized with the Yoast SEO plugin v27.4 - https:\/\/yoast.com\/product\/yoast-seo-wordpress\/ -->\n<title>Garantie &amp; Sicherheit - SG Snowboards<\/title>\n<meta name=\"robots\" content=\"index, follow, max-snippet:-1, max-image-preview:large, max-video-preview:-1\" \/>\n<link rel=\"canonical\" href=\"https:\/\/www.sgsnowboards.com\/de\/warranty-safety\/\" \/>\n<meta property=\"og:locale\" content=\"de_DE\" \/>\n<meta property=\"og:type\" content=\"article\" \/>\n<meta property=\"og:title\" content=\"Garantie &amp; Sicherheit - SG Snowboards\" \/>\n<meta property=\"og:description\" content=\"SAFETY INSTRUCTIONS Snowboarding is an outdoor winter sport. It involves&hellip;\" \/>\n<meta property=\"og:url\" content=\"https:\/\/www.sgsnowboards.com\/de\/warranty-safety\/\" \/>\n<meta property=\"og:site_name\" content=\"SG Snowboards\" \/>\n<meta property=\"article:modified_time\" content=\"2024-11-06T07:42:04+00:00\" \/>\n<meta name=\"twitter:card\" content=\"summary_large_image\" \/>\n<meta name=\"twitter:label1\" content=\"Gesch\u00e4tzte Lesezeit\" \/>\n\t<meta name=\"twitter:data1\" content=\"3\u00a0Minuten\" \/>\n<script type=\"application\/ld+json\" class=\"yoast-schema-graph\">{\"@context\":\"https:\\\/\\\/schema.org\",\"@graph\":[{\"@type\":\"WebPage\",\"@id\":\"https:\\\/\\\/www.sgsnowboards.com\\\/de\\\/warranty-safety\\\/\",\"url\":\"https:\\\/\\\/www.sgsnowboards.com\\\/de\\\/warranty-safety\\\/\",\"name\":\"Garantie & Sicherheit - SG Snowboards\",\"isPartOf\":{\"@id\":\"https:\\\/\\\/www.sgsnowboards.com\\\/de\\\/#website\"},\"datePublished\":\"2024-11-04T09:58:05+00:00\",\"dateModified\":\"2024-11-06T07:42:04+00:00\",\"breadcrumb\":{\"@id\":\"https:\\\/\\\/www.sgsnowboards.com\\\/de\\\/warranty-safety\\\/#breadcrumb\"},\"inLanguage\":\"de\",\"potentialAction\":[{\"@type\":\"ReadAction\",\"target\":[[\"https:\\\/\\\/www.sgsnowboards.com\\\/de\\\/warranty-safety\\\/\"]]}]},{\"@type\":\"BreadcrumbList\",\"@id\":\"https:\\\/\\\/www.sgsnowboards.com\\\/de\\\/warranty-safety\\\/#breadcrumb\",\"itemListElement\":[{\"@type\":\"ListItem\",\"position\":1,\"name\":\"SG\",\"item\":\"https:\\\/\\\/www.sgsnowboards.com\\\/de\\\/\"},{\"@type\":\"ListItem\",\"position\":2,\"name\":\"Garantie &#038; Sicherheit\"}]},{\"@type\":\"WebSite\",\"@id\":\"https:\\\/\\\/www.sgsnowboards.com\\\/de\\\/#website\",\"url\":\"https:\\\/\\\/www.sgsnowboards.com\\\/de\\\/\",\"name\":\"SG Snowboards\",\"description\":\"\",\"potentialAction\":[{\"@type\":\"SearchAction\",\"target\":{\"@type\":\"EntryPoint\",\"urlTemplate\":\"https:\\\/\\\/www.sgsnowboards.com\\\/de\\\/?s={search_term_string}\"},\"query-input\":{\"@type\":\"PropertyValueSpecification\",\"valueRequired\":true,\"valueName\":\"search_term_string\"}}],\"inLanguage\":\"de\"}]}<\/script>\n<!-- \/ Yoast SEO plugin. -->","yoast_head_json":{"title":"Garantie & Sicherheit - SG Snowboards","robots":{"index":"index","follow":"follow","max-snippet":"max-snippet:-1","max-image-preview":"max-image-preview:large","max-video-preview":"max-video-preview:-1"},"canonical":"https:\/\/www.sgsnowboards.com\/de\/warranty-safety\/","og_locale":"de_DE","og_type":"article","og_title":"Garantie & Sicherheit - SG Snowboards","og_description":"SAFETY INSTRUCTIONS Snowboarding is an outdoor winter sport. It involves&hellip;","og_url":"https:\/\/www.sgsnowboards.com\/de\/warranty-safety\/","og_site_name":"SG Snowboards","article_modified_time":"2024-11-06T07:42:04+00:00","twitter_card":"summary_large_image","twitter_misc":{"Gesch\u00e4tzte Lesezeit":"3\u00a0Minuten"},"schema":{"@context":"https:\/\/schema.org","@graph":[{"@type":"WebPage","@id":"https:\/\/www.sgsnowboards.com\/de\/warranty-safety\/","url":"https:\/\/www.sgsnowboards.com\/de\/warranty-safety\/","name":"Garantie & Sicherheit - SG Snowboards","isPartOf":{"@id":"https:\/\/www.sgsnowboards.com\/de\/#website"},"datePublished":"2024-11-04T09:58:05+00:00","dateModified":"2024-11-06T07:42:04+00:00","breadcrumb":{"@id":"https:\/\/www.sgsnowboards.com\/de\/warranty-safety\/#breadcrumb"},"inLanguage":"de","potentialAction":[{"@type":"ReadAction","target":[["https:\/\/www.sgsnowboards.com\/de\/warranty-safety\/"]]}]},{"@type":"BreadcrumbList","@id":"https:\/\/www.sgsnowboards.com\/de\/warranty-safety\/#breadcrumb","itemListElement":[{"@type":"ListItem","position":1,"name":"SG","item":"https:\/\/www.sgsnowboards.com\/de\/"},{"@type":"ListItem","position":2,"name":"Garantie &#038; Sicherheit"}]},{"@type":"WebSite","@id":"https:\/\/www.sgsnowboards.com\/de\/#website","url":"https:\/\/www.sgsnowboards.com\/de\/","name":"SG Snowboards","description":"","potentialAction":[{"@type":"SearchAction","target":{"@type":"EntryPoint","urlTemplate":"https:\/\/www.sgsnowboards.com\/de\/?s={search_term_string}"},"query-input":{"@type":"PropertyValueSpecification","valueRequired":true,"valueName":"search_term_string"}}],"inLanguage":"de"}]}},"_links":{"self":[{"href":"https:\/\/www.sgsnowboards.com\/de\/wp-json\/wp\/v2\/pages\/21993","targetHints":{"allow":["GET"]}}],"collection":[{"href":"https:\/\/www.sgsnowboards.com\/de\/wp-json\/wp\/v2\/pages"}],"about":[{"href":"https:\/\/www.sgsnowboards.com\/de\/wp-json\/wp\/v2\/types\/page"}],"author":[{"embeddable":true,"href":"https:\/\/www.sgsnowboards.com\/de\/wp-json\/wp\/v2\/users\/1"}],"replies":[{"embeddable":true,"href":"https:\/\/www.sgsnowboards.com\/de\/wp-json\/wp\/v2\/comments?post=21993"}],"version-history":[{"count":9,"href":"https:\/\/www.sgsnowboards.com\/de\/wp-json\/wp\/v2\/pages\/21993\/revisions"}],"predecessor-version":[{"id":22030,"href":"https:\/\/www.sgsnowboards.com\/de\/wp-json\/wp\/v2\/pages\/21993\/revisions\/22030"}],"wp:attachment":[{"href":"https:\/\/www.sgsnowboards.com\/de\/wp-json\/wp\/v2\/media?parent=21993"}],"curies":[{"name":"wp","href":"https:\/\/api.w.org\/{rel}","templated":true}]}}