{"id":19426,"date":"2024-07-01T10:20:50","date_gmt":"2024-07-01T08:20:50","guid":{"rendered":"https:\/\/www.sgsnowboards.com\/?page_id=19426"},"modified":"2025-01-16T10:25:38","modified_gmt":"2025-01-16T09:25:38","slug":"sg-pro-tech","status":"publish","type":"page","link":"https:\/\/www.sgsnowboards.com\/de\/sg-pro-tech\/","title":{"rendered":"SG Pro Tech"},"content":{"rendered":"<p><\/p>\n<h3><strong>SG PRO TECH Snowboard Produktion GmbH\u00a0\u00a0 \u00a0<\/strong><\/h3>\n<p><strong>Die neue SG Snowboards Produktion<br \/>\n<\/strong>SG SNOWBOARDS hat nun eine eigene Produktionsst\u00e4tte. In \u00d6sterreich, in den Alpen.<br \/>\nVoll Stolz pr\u00e4sentieren wir daher die SG PRO TECH Snowboards Produktion im Oberen Drautal in den Ostalpen.<strong><br \/>\n<\/strong><br \/>\nHier produziert Sigi Grabner mit seiner Belegschaft Qualit\u00e4tsboards f\u00fcr den Weltmarkt.<br \/>\nF\u00fcr Champions, f\u00fcr internationale Nationalteams und f\u00fcr alle Snowboarder, die auf Qualit\u00e4t stehen. Und die gibt es auf der ganzen Welt.<\/p>\n<p><img loading=\"lazy\" decoding=\"async\" class=\"alignnone size-large wp-image-22262\" src=\"https:\/\/www.sgsnowboards.com\/wp-content\/uploads\/SG-PRO-TECH-Team-pic-SG-SNOWBOARDS-1-1024x640.png\" alt=\"\" width=\"1024\" height=\"640\" srcset=\"https:\/\/www.sgsnowboards.com\/wp-content\/uploads\/SG-PRO-TECH-Team-pic-SG-SNOWBOARDS-1-1024x640.png 1024w, https:\/\/www.sgsnowboards.com\/wp-content\/uploads\/SG-PRO-TECH-Team-pic-SG-SNOWBOARDS-1-300x188.png 300w, https:\/\/www.sgsnowboards.com\/wp-content\/uploads\/SG-PRO-TECH-Team-pic-SG-SNOWBOARDS-1-768x480.png 768w, https:\/\/www.sgsnowboards.com\/wp-content\/uploads\/SG-PRO-TECH-Team-pic-SG-SNOWBOARDS-1-1536x960.png 1536w, https:\/\/www.sgsnowboards.com\/wp-content\/uploads\/SG-PRO-TECH-Team-pic-SG-SNOWBOARDS-1-2048x1280.png 2048w, https:\/\/www.sgsnowboards.com\/wp-content\/uploads\/SG-PRO-TECH-Team-pic-SG-SNOWBOARDS-1-1920x1200.png 1920w, https:\/\/www.sgsnowboards.com\/wp-content\/uploads\/SG-PRO-TECH-Team-pic-SG-SNOWBOARDS-1-480x300.png 480w, https:\/\/www.sgsnowboards.com\/wp-content\/uploads\/SG-PRO-TECH-Team-pic-SG-SNOWBOARDS-1-30x19.png 30w\" sizes=\"auto, (max-width: 1024px) 100vw, 1024px\" \/><\/p>\n<p>Sigi war die st\u00e4ndige Weiterentwicklung der SG Snowboards auf h\u00f6chstem Niveau immer wichtig.<br \/>\nJetzt, in der eigenen Produktion ist der gesamte Produktionsprozess in seinen eigenen H\u00e4nden,<br \/>\num die Top Qualit\u00e4t der verwendeten Materialien und der Verarbeitung garantieren zu k\u00f6nnen.<\/p>\n<p>SG verwendet ausgesuchte Premium Materialien aus einem Radius von 200 km, unn\u00f6tige Transportwege werden so vermieden.<br \/>\nSigi: \u201cWir verwenden ausgesuchte top Materialien, die sorgf\u00e4ltig\u00a0 und verantwortungsvoll bearbeitet werden, wir schauen auf Nachhaltigkeit,<br \/>\nrecykeln was m\u00f6glich ist und\u00a0\u00a0entsorgen mit Bedacht.\u201d<\/p>\n<p><img loading=\"lazy\" decoding=\"async\" class=\"alignnone size-large wp-image-22111\" src=\"https:\/\/www.sgsnowboards.com\/wp-content\/uploads\/SG-PRO-TECH-materials-pic-Justin-Reiter-1024x640.png\" alt=\"\" width=\"1024\" height=\"640\" srcset=\"https:\/\/www.sgsnowboards.com\/wp-content\/uploads\/SG-PRO-TECH-materials-pic-Justin-Reiter-1024x640.png 1024w, https:\/\/www.sgsnowboards.com\/wp-content\/uploads\/SG-PRO-TECH-materials-pic-Justin-Reiter-300x188.png 300w, https:\/\/www.sgsnowboards.com\/wp-content\/uploads\/SG-PRO-TECH-materials-pic-Justin-Reiter-768x480.png 768w, https:\/\/www.sgsnowboards.com\/wp-content\/uploads\/SG-PRO-TECH-materials-pic-Justin-Reiter-1536x960.png 1536w, https:\/\/www.sgsnowboards.com\/wp-content\/uploads\/SG-PRO-TECH-materials-pic-Justin-Reiter-2048x1280.png 2048w, https:\/\/www.sgsnowboards.com\/wp-content\/uploads\/SG-PRO-TECH-materials-pic-Justin-Reiter-1920x1200.png 1920w, https:\/\/www.sgsnowboards.com\/wp-content\/uploads\/SG-PRO-TECH-materials-pic-Justin-Reiter-480x300.png 480w, https:\/\/www.sgsnowboards.com\/wp-content\/uploads\/SG-PRO-TECH-materials-pic-Justin-Reiter-30x19.png 30w\" sizes=\"auto, (max-width: 1024px) 100vw, 1024px\" \/><\/p>\n<p><strong>ENTWICKLUNG<br \/>\n<\/strong>Getragen von Sigi Grabner, Olympia Medaillengewinner, Weltmeister, Seriensieger bei ISF und FIS, hat 20 Jahre Internationales Top Niveau im Snowboard Rennzirkus.<br \/>\nMentor Coach von vielen SnowboardChampions, die nach ihm kamen.<br \/>\nSG PRO TEAM Rider im Weltcup, geben st\u00e4ndige Inputs und testen auf h\u00f6chstem Level.<\/p>\n<p><img loading=\"lazy\" decoding=\"async\" class=\"alignnone size-large wp-image-22113\" src=\"https:\/\/www.sgsnowboards.com\/wp-content\/uploads\/SG-PRO-TECH-Sigi-Grabner-pic-Justin-Reiter-1024x640.png\" alt=\"\" width=\"1024\" height=\"640\" srcset=\"https:\/\/www.sgsnowboards.com\/wp-content\/uploads\/SG-PRO-TECH-Sigi-Grabner-pic-Justin-Reiter-1024x640.png 1024w, https:\/\/www.sgsnowboards.com\/wp-content\/uploads\/SG-PRO-TECH-Sigi-Grabner-pic-Justin-Reiter-300x188.png 300w, https:\/\/www.sgsnowboards.com\/wp-content\/uploads\/SG-PRO-TECH-Sigi-Grabner-pic-Justin-Reiter-768x480.png 768w, https:\/\/www.sgsnowboards.com\/wp-content\/uploads\/SG-PRO-TECH-Sigi-Grabner-pic-Justin-Reiter-1536x960.png 1536w, https:\/\/www.sgsnowboards.com\/wp-content\/uploads\/SG-PRO-TECH-Sigi-Grabner-pic-Justin-Reiter-2048x1280.png 2048w, https:\/\/www.sgsnowboards.com\/wp-content\/uploads\/SG-PRO-TECH-Sigi-Grabner-pic-Justin-Reiter-1920x1200.png 1920w, https:\/\/www.sgsnowboards.com\/wp-content\/uploads\/SG-PRO-TECH-Sigi-Grabner-pic-Justin-Reiter-480x300.png 480w, https:\/\/www.sgsnowboards.com\/wp-content\/uploads\/SG-PRO-TECH-Sigi-Grabner-pic-Justin-Reiter-30x19.png 30w\" sizes=\"auto, (max-width: 1024px) 100vw, 1024px\" \/><\/p>\n<p><strong>MATERIALIEN<br \/>\n<\/strong>Wir verwenden beste Materialien um beste Qualit\u00e4t zu sichern.<\/p>\n<p><img loading=\"lazy\" decoding=\"async\" class=\"alignnone size-large wp-image-22117\" src=\"https:\/\/www.sgsnowboards.com\/wp-content\/uploads\/SG-PRO-TECH-Materials-SG-SNOWBOARDS-1024x640.png\" alt=\"\" width=\"1024\" height=\"640\" srcset=\"https:\/\/www.sgsnowboards.com\/wp-content\/uploads\/SG-PRO-TECH-Materials-SG-SNOWBOARDS-1024x640.png 1024w, https:\/\/www.sgsnowboards.com\/wp-content\/uploads\/SG-PRO-TECH-Materials-SG-SNOWBOARDS-300x188.png 300w, https:\/\/www.sgsnowboards.com\/wp-content\/uploads\/SG-PRO-TECH-Materials-SG-SNOWBOARDS-768x480.png 768w, https:\/\/www.sgsnowboards.com\/wp-content\/uploads\/SG-PRO-TECH-Materials-SG-SNOWBOARDS-1536x960.png 1536w, https:\/\/www.sgsnowboards.com\/wp-content\/uploads\/SG-PRO-TECH-Materials-SG-SNOWBOARDS-2048x1280.png 2048w, https:\/\/www.sgsnowboards.com\/wp-content\/uploads\/SG-PRO-TECH-Materials-SG-SNOWBOARDS-1920x1200.png 1920w, https:\/\/www.sgsnowboards.com\/wp-content\/uploads\/SG-PRO-TECH-Materials-SG-SNOWBOARDS-480x300.png 480w, https:\/\/www.sgsnowboards.com\/wp-content\/uploads\/SG-PRO-TECH-Materials-SG-SNOWBOARDS-30x19.png 30w\" sizes=\"auto, (max-width: 1024px) 100vw, 1024px\" \/><\/p>\n<p><strong>UNSERE PHILOSOPHIE<br \/>\n<\/strong>Snowboards zu produzieren, innovativ und auf h\u00f6chstem modernen Standard. Mit Bedacht ausgesuchte Materialien verwenden, sorgsam mit Ressourcen umgehen.<br \/>\nMit ganzer Leidenschaft all.in gehen und unseren Kunden das Beste bieten.<\/p>\n<p><img loading=\"lazy\" decoding=\"async\" class=\"alignnone size-large wp-image-22261\" src=\"https:\/\/www.sgsnowboards.com\/wp-content\/uploads\/SG-PRO-TECH-SG-SOUL-pic-DimaColot-1024x640.png\" alt=\"\" width=\"1024\" height=\"640\" srcset=\"https:\/\/www.sgsnowboards.com\/wp-content\/uploads\/SG-PRO-TECH-SG-SOUL-pic-DimaColot-1024x640.png 1024w, https:\/\/www.sgsnowboards.com\/wp-content\/uploads\/SG-PRO-TECH-SG-SOUL-pic-DimaColot-300x188.png 300w, https:\/\/www.sgsnowboards.com\/wp-content\/uploads\/SG-PRO-TECH-SG-SOUL-pic-DimaColot-768x480.png 768w, https:\/\/www.sgsnowboards.com\/wp-content\/uploads\/SG-PRO-TECH-SG-SOUL-pic-DimaColot-1536x960.png 1536w, https:\/\/www.sgsnowboards.com\/wp-content\/uploads\/SG-PRO-TECH-SG-SOUL-pic-DimaColot-2048x1280.png 2048w, https:\/\/www.sgsnowboards.com\/wp-content\/uploads\/SG-PRO-TECH-SG-SOUL-pic-DimaColot-1920x1200.png 1920w, https:\/\/www.sgsnowboards.com\/wp-content\/uploads\/SG-PRO-TECH-SG-SOUL-pic-DimaColot-480x300.png 480w, https:\/\/www.sgsnowboards.com\/wp-content\/uploads\/SG-PRO-TECH-SG-SOUL-pic-DimaColot-30x19.png 30w\" sizes=\"auto, (max-width: 1024px) 100vw, 1024px\" \/><\/p>\n<p><strong>No more compromise<\/strong><br \/>\n<strong>We produce passion<\/strong><\/p>","protected":false},"excerpt":{"rendered":"<p>The SG Snowboards Production Company in Austria We proudly present&hellip;<\/p>\n","protected":false},"author":1,"featured_media":0,"parent":0,"menu_order":1,"comment_status":"closed","ping_status":"closed","template":"","meta":{"_acf_changed":false,"footnotes":""},"class_list":["post-19426","page","type-page","status-publish","hentry"],"acf":[],"yoast_head":"<!-- This site is optimized with the Yoast SEO plugin v27.4 - https:\/\/yoast.com\/product\/yoast-seo-wordpress\/ -->\n<title>SG Pro Tech - SG Snowboards<\/title>\n<meta name=\"robots\" content=\"index, follow, max-snippet:-1, max-image-preview:large, max-video-preview:-1\" \/>\n<link rel=\"canonical\" href=\"https:\/\/www.sgsnowboards.com\/de\/sg-pro-tech\/\" \/>\n<meta property=\"og:locale\" content=\"de_DE\" \/>\n<meta property=\"og:type\" content=\"article\" \/>\n<meta property=\"og:title\" content=\"SG Pro Tech - SG Snowboards\" \/>\n<meta property=\"og:description\" content=\"The SG Snowboards Production Company in Austria We proudly present&hellip;\" \/>\n<meta property=\"og:url\" content=\"https:\/\/www.sgsnowboards.com\/de\/sg-pro-tech\/\" \/>\n<meta property=\"og:site_name\" content=\"SG Snowboards\" \/>\n<meta property=\"article:modified_time\" content=\"2025-01-16T09:25:38+00:00\" \/>\n<meta property=\"og:image\" content=\"https:\/\/www.sgsnowboards.com\/wp-content\/uploads\/SG-PRO-TECH-Team-pic-SG-SNOWBOARDS-1.png\" \/>\n\t<meta property=\"og:image:width\" content=\"2400\" \/>\n\t<meta property=\"og:image:height\" content=\"1500\" \/>\n\t<meta property=\"og:image:type\" content=\"image\/png\" \/>\n<meta name=\"twitter:card\" content=\"summary_large_image\" \/>\n<meta name=\"twitter:label1\" content=\"Gesch\u00e4tzte Lesezeit\" \/>\n\t<meta name=\"twitter:data1\" content=\"3\u00a0Minuten\" \/>\n<script type=\"application\/ld+json\" class=\"yoast-schema-graph\">{\"@context\":\"https:\\\/\\\/schema.org\",\"@graph\":[{\"@type\":\"WebPage\",\"@id\":\"https:\\\/\\\/www.sgsnowboards.com\\\/de\\\/sg-pro-tech\\\/\",\"url\":\"https:\\\/\\\/www.sgsnowboards.com\\\/de\\\/sg-pro-tech\\\/\",\"name\":\"SG Pro Tech - SG Snowboards\",\"isPartOf\":{\"@id\":\"https:\\\/\\\/www.sgsnowboards.com\\\/de\\\/#website\"},\"primaryImageOfPage\":{\"@id\":\"https:\\\/\\\/www.sgsnowboards.com\\\/de\\\/sg-pro-tech\\\/#primaryimage\"},\"image\":{\"@id\":\"https:\\\/\\\/www.sgsnowboards.com\\\/sg-pro-tech\\\/#primaryimage\"},\"thumbnailUrl\":\"https:\\\/\\\/www.sgsnowboards.com\\\/wp-content\\\/uploads\\\/SG-PRO-TECH-Team-pic-SG-SNOWBOARDS-1-1024x640.png\",\"datePublished\":\"2024-07-01T08:20:50+00:00\",\"dateModified\":\"2025-01-16T09:25:38+00:00\",\"breadcrumb\":{\"@id\":\"https:\\\/\\\/www.sgsnowboards.com\\\/de\\\/sg-pro-tech\\\/#breadcrumb\"},\"inLanguage\":\"de\",\"potentialAction\":[{\"@type\":\"ReadAction\",\"target\":[[\"https:\\\/\\\/www.sgsnowboards.com\\\/de\\\/sg-pro-tech\\\/\"]]}]},{\"@type\":\"ImageObject\",\"inLanguage\":\"de\",\"@id\":\"https:\\\/\\\/www.sgsnowboards.com\\\/de\\\/sg-pro-tech\\\/#primaryimage\",\"url\":\"https:\\\/\\\/www.sgsnowboards.com\\\/wp-content\\\/uploads\\\/SG-PRO-TECH-Team-pic-SG-SNOWBOARDS-1-1024x640.png\",\"contentUrl\":\"https:\\\/\\\/www.sgsnowboards.com\\\/wp-content\\\/uploads\\\/SG-PRO-TECH-Team-pic-SG-SNOWBOARDS-1-1024x640.png\"},{\"@type\":\"BreadcrumbList\",\"@id\":\"https:\\\/\\\/www.sgsnowboards.com\\\/de\\\/sg-pro-tech\\\/#breadcrumb\",\"itemListElement\":[{\"@type\":\"ListItem\",\"position\":1,\"name\":\"SG\",\"item\":\"https:\\\/\\\/www.sgsnowboards.com\\\/de\\\/\"},{\"@type\":\"ListItem\",\"position\":2,\"name\":\"SG Pro Tech\"}]},{\"@type\":\"WebSite\",\"@id\":\"https:\\\/\\\/www.sgsnowboards.com\\\/de\\\/#website\",\"url\":\"https:\\\/\\\/www.sgsnowboards.com\\\/de\\\/\",\"name\":\"SG Snowboards\",\"description\":\"\",\"potentialAction\":[{\"@type\":\"SearchAction\",\"target\":{\"@type\":\"EntryPoint\",\"urlTemplate\":\"https:\\\/\\\/www.sgsnowboards.com\\\/de\\\/?s={search_term_string}\"},\"query-input\":{\"@type\":\"PropertyValueSpecification\",\"valueRequired\":true,\"valueName\":\"search_term_string\"}}],\"inLanguage\":\"de\"}]}<\/script>\n<!-- \/ Yoast SEO plugin. -->","yoast_head_json":{"title":"SG Pro Tech - SG Snowboards","robots":{"index":"index","follow":"follow","max-snippet":"max-snippet:-1","max-image-preview":"max-image-preview:large","max-video-preview":"max-video-preview:-1"},"canonical":"https:\/\/www.sgsnowboards.com\/de\/sg-pro-tech\/","og_locale":"de_DE","og_type":"article","og_title":"SG Pro Tech - SG Snowboards","og_description":"The SG Snowboards Production Company in Austria We proudly present&hellip;","og_url":"https:\/\/www.sgsnowboards.com\/de\/sg-pro-tech\/","og_site_name":"SG Snowboards","article_modified_time":"2025-01-16T09:25:38+00:00","og_image":[{"width":2400,"height":1500,"url":"https:\/\/www.sgsnowboards.com\/wp-content\/uploads\/SG-PRO-TECH-Team-pic-SG-SNOWBOARDS-1.png","type":"image\/png"}],"twitter_card":"summary_large_image","twitter_misc":{"Gesch\u00e4tzte Lesezeit":"3\u00a0Minuten"},"schema":{"@context":"https:\/\/schema.org","@graph":[{"@type":"WebPage","@id":"https:\/\/www.sgsnowboards.com\/de\/sg-pro-tech\/","url":"https:\/\/www.sgsnowboards.com\/de\/sg-pro-tech\/","name":"SG Pro Tech - SG Snowboards","isPartOf":{"@id":"https:\/\/www.sgsnowboards.com\/de\/#website"},"primaryImageOfPage":{"@id":"https:\/\/www.sgsnowboards.com\/de\/sg-pro-tech\/#primaryimage"},"image":{"@id":"https:\/\/www.sgsnowboards.com\/sg-pro-tech\/#primaryimage"},"thumbnailUrl":"https:\/\/www.sgsnowboards.com\/wp-content\/uploads\/SG-PRO-TECH-Team-pic-SG-SNOWBOARDS-1-1024x640.png","datePublished":"2024-07-01T08:20:50+00:00","dateModified":"2025-01-16T09:25:38+00:00","breadcrumb":{"@id":"https:\/\/www.sgsnowboards.com\/de\/sg-pro-tech\/#breadcrumb"},"inLanguage":"de","potentialAction":[{"@type":"ReadAction","target":[["https:\/\/www.sgsnowboards.com\/de\/sg-pro-tech\/"]]}]},{"@type":"ImageObject","inLanguage":"de","@id":"https:\/\/www.sgsnowboards.com\/de\/sg-pro-tech\/#primaryimage","url":"https:\/\/www.sgsnowboards.com\/wp-content\/uploads\/SG-PRO-TECH-Team-pic-SG-SNOWBOARDS-1-1024x640.png","contentUrl":"https:\/\/www.sgsnowboards.com\/wp-content\/uploads\/SG-PRO-TECH-Team-pic-SG-SNOWBOARDS-1-1024x640.png"},{"@type":"BreadcrumbList","@id":"https:\/\/www.sgsnowboards.com\/de\/sg-pro-tech\/#breadcrumb","itemListElement":[{"@type":"ListItem","position":1,"name":"SG","item":"https:\/\/www.sgsnowboards.com\/de\/"},{"@type":"ListItem","position":2,"name":"SG Pro Tech"}]},{"@type":"WebSite","@id":"https:\/\/www.sgsnowboards.com\/de\/#website","url":"https:\/\/www.sgsnowboards.com\/de\/","name":"SG Snowboards","description":"","potentialAction":[{"@type":"SearchAction","target":{"@type":"EntryPoint","urlTemplate":"https:\/\/www.sgsnowboards.com\/de\/?s={search_term_string}"},"query-input":{"@type":"PropertyValueSpecification","valueRequired":true,"valueName":"search_term_string"}}],"inLanguage":"de"}]}},"_links":{"self":[{"href":"https:\/\/www.sgsnowboards.com\/de\/wp-json\/wp\/v2\/pages\/19426","targetHints":{"allow":["GET"]}}],"collection":[{"href":"https:\/\/www.sgsnowboards.com\/de\/wp-json\/wp\/v2\/pages"}],"about":[{"href":"https:\/\/www.sgsnowboards.com\/de\/wp-json\/wp\/v2\/types\/page"}],"author":[{"embeddable":true,"href":"https:\/\/www.sgsnowboards.com\/de\/wp-json\/wp\/v2\/users\/1"}],"replies":[{"embeddable":true,"href":"https:\/\/www.sgsnowboards.com\/de\/wp-json\/wp\/v2\/comments?post=19426"}],"version-history":[{"count":14,"href":"https:\/\/www.sgsnowboards.com\/de\/wp-json\/wp\/v2\/pages\/19426\/revisions"}],"predecessor-version":[{"id":22406,"href":"https:\/\/www.sgsnowboards.com\/de\/wp-json\/wp\/v2\/pages\/19426\/revisions\/22406"}],"wp:attachment":[{"href":"https:\/\/www.sgsnowboards.com\/de\/wp-json\/wp\/v2\/media?parent=19426"}],"curies":[{"name":"wp","href":"https:\/\/api.w.org\/{rel}","templated":true}]}}